{"id":2,"date":"2020-11-18T10:08:58","date_gmt":"2020-11-18T09:08:58","guid":{"rendered":"http:\/\/zych.moreo.pl\/?page_id=2"},"modified":"2021-02-02T13:55:03","modified_gmt":"2021-02-02T12:55:03","slug":"start","status":"publish","type":"page","link":"https:\/\/wojciechziemowitzych.com\/en\/","title":{"rendered":"Start"},"content":{"rendered":"","protected":false},"excerpt":{"rendered":"","protected":false},"author":1,"featured_media":0,"parent":0,"menu_order":0,"comment_status":"closed","ping_status":"closed","template":"","meta":{"_acf_changed":false,"footnotes":""},"class_list":["post-2","page","type-page","status-publish","hentry"],"acf":[],"yoast_head":"<!-- This site is optimized with the Yoast SEO plugin v26.1.1 - https:\/\/yoast.com\/wordpress\/plugins\/seo\/ -->\n<title>Wojciech Ziemowit Zych - Kompozytor<\/title>\n<meta name=\"description\" content=\"Composer specializing in instrumental music. Lecturer at the Academy of Music in Krakow.\" \/>\n<meta name=\"robots\" content=\"index, follow, max-snippet:-1, max-image-preview:large, max-video-preview:-1\" \/>\n<link rel=\"canonical\" href=\"https:\/\/wojciechziemowitzych.com\/en\/\" \/>\n<meta property=\"og:locale\" content=\"en_US\" \/>\n<meta property=\"og:locale:alternate\" content=\"pl_PL\" \/>\n<meta property=\"og:type\" content=\"article\" \/>\n<meta property=\"og:title\" content=\"Wojciech Ziemowit Zych - Kompozytor\" \/>\n<meta property=\"og:description\" content=\"Kompozytor specjalizuj\u0105cy si\u0119 w muzyce instrumentalnej. Wyk\u0142adowca Akademii Muzycznej w Krakowie.\" \/>\n<meta property=\"og:url\" content=\"https:\/\/wojciechziemowitzych.com\/en\/\" \/>\n<meta property=\"og:site_name\" content=\"Wojciech Ziemowit Zych\" \/>\n<meta property=\"article:modified_time\" content=\"2021-02-02T12:55:03+00:00\" \/>\n<meta name=\"twitter:card\" content=\"summary_large_image\" \/>\n<script type=\"application\/ld+json\" class=\"yoast-schema-graph\">{\"@context\":\"https:\/\/schema.org\",\"@graph\":[{\"@type\":\"WebPage\",\"@id\":\"https:\/\/wojciechziemowitzych.com\/\",\"url\":\"https:\/\/wojciechziemowitzych.com\/\",\"name\":\"Wojciech Ziemowit Zych - Kompozytor\",\"isPartOf\":{\"@id\":\"https:\/\/wojciechziemowitzych.com\/#website\"},\"datePublished\":\"2020-11-18T09:08:58+00:00\",\"dateModified\":\"2021-02-02T12:55:03+00:00\",\"description\":\"Kompozytor specjalizuj\u0105cy si\u0119 w muzyce instrumentalnej. Wyk\u0142adowca Akademii Muzycznej w Krakowie.\",\"inLanguage\":\"en-US\",\"potentialAction\":[{\"@type\":\"ReadAction\",\"target\":[\"https:\/\/wojciechziemowitzych.com\/\"]}]},{\"@type\":\"WebSite\",\"@id\":\"https:\/\/wojciechziemowitzych.com\/#website\",\"url\":\"https:\/\/wojciechziemowitzych.com\/\",\"name\":\"Wojciech Ziemowit Zych\",\"description\":\"Kompozytor\",\"publisher\":{\"@id\":\"https:\/\/wojciechziemowitzych.com\/#\/schema\/person\/81090b04e7e0f31e0079062417c48d4c\"},\"potentialAction\":[{\"@type\":\"SearchAction\",\"target\":{\"@type\":\"EntryPoint\",\"urlTemplate\":\"https:\/\/wojciechziemowitzych.com\/?s={search_term_string}\"},\"query-input\":{\"@type\":\"PropertyValueSpecification\",\"valueRequired\":true,\"valueName\":\"search_term_string\"}}],\"inLanguage\":\"en-US\"},{\"@type\":[\"Person\",\"Organization\"],\"@id\":\"https:\/\/wojciechziemowitzych.com\/#\/schema\/person\/81090b04e7e0f31e0079062417c48d4c\",\"name\":\"Wojciech Ziemowit Zych\",\"image\":{\"@type\":\"ImageObject\",\"inLanguage\":\"en-US\",\"@id\":\"https:\/\/wojciechziemowitzych.com\/#\/schema\/person\/image\/\",\"url\":\"https:\/\/wojciechziemowitzych.com\/wp-content\/uploads\/2020\/11\/logo-wzz.png\",\"contentUrl\":\"https:\/\/wojciechziemowitzych.com\/wp-content\/uploads\/2020\/11\/logo-wzz.png\",\"width\":849,\"height\":137,\"caption\":\"Wojciech Ziemowit Zych\"},\"logo\":{\"@id\":\"https:\/\/wojciechziemowitzych.com\/#\/schema\/person\/image\/\"}}]}<\/script>\n<!-- \/ Yoast SEO plugin. -->","yoast_head_json":{"title":"Wojciech Ziemowit Zych - Kompozytor","description":"Composer specializing in instrumental music. Lecturer at the Academy of Music in Krakow.","robots":{"index":"index","follow":"follow","max-snippet":"max-snippet:-1","max-image-preview":"max-image-preview:large","max-video-preview":"max-video-preview:-1"},"canonical":"https:\/\/wojciechziemowitzych.com\/en\/","og_locale":"en_US","og_type":"article","og_title":"Wojciech Ziemowit Zych - Kompozytor","og_description":"Kompozytor specjalizuj\u0105cy si\u0119 w muzyce instrumentalnej. Wyk\u0142adowca Akademii Muzycznej w Krakowie.","og_url":"https:\/\/wojciechziemowitzych.com\/en\/","og_site_name":"Wojciech Ziemowit Zych","article_modified_time":"2021-02-02T12:55:03+00:00","twitter_card":"summary_large_image","schema":{"@context":"https:\/\/schema.org","@graph":[{"@type":"WebPage","@id":"https:\/\/wojciechziemowitzych.com\/","url":"https:\/\/wojciechziemowitzych.com\/","name":"Wojciech Ziemowit Zych - Kompozytor","isPartOf":{"@id":"https:\/\/wojciechziemowitzych.com\/#website"},"datePublished":"2020-11-18T09:08:58+00:00","dateModified":"2021-02-02T12:55:03+00:00","description":"Kompozytor specjalizuj\u0105cy si\u0119 w muzyce instrumentalnej. Wyk\u0142adowca Akademii Muzycznej w Krakowie.","inLanguage":"en-US","potentialAction":[{"@type":"ReadAction","target":["https:\/\/wojciechziemowitzych.com\/"]}]},{"@type":"WebSite","@id":"https:\/\/wojciechziemowitzych.com\/#website","url":"https:\/\/wojciechziemowitzych.com\/","name":"Wojciech Ziemowit Zych","description":"Kompozytor","publisher":{"@id":"https:\/\/wojciechziemowitzych.com\/#\/schema\/person\/81090b04e7e0f31e0079062417c48d4c"},"potentialAction":[{"@type":"SearchAction","target":{"@type":"EntryPoint","urlTemplate":"https:\/\/wojciechziemowitzych.com\/?s={search_term_string}"},"query-input":{"@type":"PropertyValueSpecification","valueRequired":true,"valueName":"search_term_string"}}],"inLanguage":"en-US"},{"@type":["Person","Organization"],"@id":"https:\/\/wojciechziemowitzych.com\/#\/schema\/person\/81090b04e7e0f31e0079062417c48d4c","name":"Wojciech Ziemowit Zych","image":{"@type":"ImageObject","inLanguage":"en-US","@id":"https:\/\/wojciechziemowitzych.com\/#\/schema\/person\/image\/","url":"https:\/\/wojciechziemowitzych.com\/wp-content\/uploads\/2020\/11\/logo-wzz.png","contentUrl":"https:\/\/wojciechziemowitzych.com\/wp-content\/uploads\/2020\/11\/logo-wzz.png","width":849,"height":137,"caption":"Wojciech Ziemowit Zych"},"logo":{"@id":"https:\/\/wojciechziemowitzych.com\/#\/schema\/person\/image\/"}}]}},"_links":{"self":[{"href":"https:\/\/wojciechziemowitzych.com\/en\/wp-json\/wp\/v2\/pages\/2","targetHints":{"allow":["GET"]}}],"collection":[{"href":"https:\/\/wojciechziemowitzych.com\/en\/wp-json\/wp\/v2\/pages"}],"about":[{"href":"https:\/\/wojciechziemowitzych.com\/en\/wp-json\/wp\/v2\/types\/page"}],"author":[{"embeddable":true,"href":"https:\/\/wojciechziemowitzych.com\/en\/wp-json\/wp\/v2\/users\/1"}],"replies":[{"embeddable":true,"href":"https:\/\/wojciechziemowitzych.com\/en\/wp-json\/wp\/v2\/comments?post=2"}],"version-history":[{"count":28,"href":"https:\/\/wojciechziemowitzych.com\/en\/wp-json\/wp\/v2\/pages\/2\/revisions"}],"predecessor-version":[{"id":539,"href":"https:\/\/wojciechziemowitzych.com\/en\/wp-json\/wp\/v2\/pages\/2\/revisions\/539"}],"wp:attachment":[{"href":"https:\/\/wojciechziemowitzych.com\/en\/wp-json\/wp\/v2\/media?parent=2"}],"curies":[{"name":"wp","href":"https:\/\/api.w.org\/{rel}","templated":true}]}}